{"id":128,"date":"2026-01-07T22:02:04","date_gmt":"2026-01-07T22:02:04","guid":{"rendered":"https:\/\/nexer.ia.br\/?page_id=128"},"modified":"2026-01-08T01:20:56","modified_gmt":"2026-01-08T01:20:56","slug":"termo-de-privacidade","status":"publish","type":"page","link":"https:\/\/nexer.ia.br\/?page_id=128","title":{"rendered":"Termo de Privacidade\u200b"},"content":{"rendered":"\t\t<div data-elementor-type=\"wp-page\" data-elementor-id=\"128\" class=\"elementor elementor-128\" data-elementor-post-type=\"page\">\n\t\t\t\t\t\t<section class=\"elementor-section elementor-top-section elementor-element elementor-element-6f645bf4 elementor-section-boxed elementor-section-height-default elementor-section-height-default\" data-id=\"6f645bf4\" data-element_type=\"section\" data-settings=\"{&quot;background_background&quot;:&quot;classic&quot;}\">\n\t\t\t\t\t\t<div class=\"elementor-container elementor-column-gap-default\">\n\t\t\t\t\t<div class=\"elementor-column elementor-col-33 elementor-top-column elementor-element elementor-element-13e4ca97\" data-id=\"13e4ca97\" data-element_type=\"column\">\n\t\t\t<div class=\"elementor-widget-wrap elementor-element-populated\">\n\t\t\t\t\t\t<div class=\"elementor-element elementor-element-402e6e3 elementor-widget elementor-widget-image\" data-id=\"402e6e3\" data-element_type=\"widget\" data-widget_type=\"image.default\">\n\t\t\t\t\t\t\t\t\t\t\t\t\t\t\t\t<a href=\"https:\/\/oficinaconectada.com.br\/site\/\">\n\t\t\t\t\t\t\t<img fetchpriority=\"high\" decoding=\"async\" width=\"800\" height=\"270\" src=\"https:\/\/nexer.ia.br\/wp-content\/uploads\/2025\/11\/Logo-Nexer-1024x346.png\" class=\"attachment-large size-large wp-image-11\" alt=\"\" srcset=\"https:\/\/nexer.ia.br\/wp-content\/uploads\/2025\/11\/Logo-Nexer-1024x346.png 1024w, https:\/\/nexer.ia.br\/wp-content\/uploads\/2025\/11\/Logo-Nexer-300x101.png 300w, https:\/\/nexer.ia.br\/wp-content\/uploads\/2025\/11\/Logo-Nexer-768x260.png 768w, https:\/\/nexer.ia.br\/wp-content\/uploads\/2025\/11\/Logo-Nexer-1536x520.png 1536w, https:\/\/nexer.ia.br\/wp-content\/uploads\/2025\/11\/Logo-Nexer.png 1774w\" sizes=\"(max-width: 800px) 100vw, 800px\" \/>\t\t\t\t\t\t\t\t<\/a>\n\t\t\t\t\t\t\t\t\t\t\t\t\t\t\t<\/div>\n\t\t\t\t\t<\/div>\n\t\t<\/div>\n\t\t\t\t<div class=\"elementor-column elementor-col-33 elementor-top-column elementor-element elementor-element-76d4a11e\" data-id=\"76d4a11e\" data-element_type=\"column\">\n\t\t\t<div class=\"elementor-widget-wrap elementor-element-populated\">\n\t\t\t\t\t\t\t<\/div>\n\t\t<\/div>\n\t\t\t\t<div class=\"elementor-column elementor-col-33 elementor-top-column elementor-element elementor-element-29391adf elementor-hidden-tablet elementor-hidden-mobile\" data-id=\"29391adf\" data-element_type=\"column\">\n\t\t\t<div class=\"elementor-widget-wrap\">\n\t\t\t\t\t\t\t<\/div>\n\t\t<\/div>\n\t\t\t\t\t<\/div>\n\t\t<\/section>\n\t\t\t\t<section class=\"elementor-section elementor-top-section elementor-element elementor-element-3c0ef0ce elementor-section-boxed elementor-section-height-default elementor-section-height-default\" data-id=\"3c0ef0ce\" data-element_type=\"section\" data-settings=\"{&quot;background_background&quot;:&quot;slideshow&quot;,&quot;background_slideshow_gallery&quot;:[{&quot;id&quot;:43,&quot;url&quot;:&quot;https:\\\/\\\/nexer.ia.br\\\/wp-content\\\/uploads\\\/2025\\\/11\\\/Imagem-1-Nexer.png&quot;},{&quot;id&quot;:44,&quot;url&quot;:&quot;https:\\\/\\\/nexer.ia.br\\\/wp-content\\\/uploads\\\/2025\\\/11\\\/Imagem-2-Nexer.png&quot;}],&quot;background_slideshow_transition_duration&quot;:600,&quot;background_slideshow_ken_burns&quot;:&quot;yes&quot;,&quot;background_slideshow_loop&quot;:&quot;yes&quot;,&quot;background_slideshow_slide_duration&quot;:5000,&quot;background_slideshow_slide_transition&quot;:&quot;fade&quot;,&quot;background_slideshow_ken_burns_zoom_direction&quot;:&quot;in&quot;,&quot;background_motion_fx_devices&quot;:[&quot;desktop&quot;,&quot;tablet&quot;,&quot;mobile&quot;]}\">\n\t\t\t\t\t\t\t<div class=\"elementor-background-overlay\"><\/div>\n\t\t\t\t\t\t\t<div class=\"elementor-container elementor-column-gap-default\">\n\t\t\t\t\t<div class=\"elementor-column elementor-col-50 elementor-top-column elementor-element elementor-element-6742dcbd\" data-id=\"6742dcbd\" data-element_type=\"column\" data-settings=\"{&quot;background_background&quot;:&quot;classic&quot;}\">\n\t\t\t<div class=\"elementor-widget-wrap elementor-element-populated\">\n\t\t\t\t\t\t<div class=\"elementor-element elementor-element-76a68b95 elementor-widget elementor-widget-heading\" data-id=\"76a68b95\" data-element_type=\"widget\" data-widget_type=\"heading.default\">\n\t\t\t\t\t<h1 class=\"elementor-heading-title elementor-size-default\">Termo de Privacidade<\/h1>\t\t\t\t<\/div>\n\t\t\t\t\t<\/div>\n\t\t<\/div>\n\t\t\t\t<div class=\"elementor-column elementor-col-50 elementor-top-column elementor-element elementor-element-22a8c244\" data-id=\"22a8c244\" data-element_type=\"column\" data-settings=\"{&quot;background_background&quot;:&quot;classic&quot;}\">\n\t\t\t<div class=\"elementor-widget-wrap elementor-element-populated\">\n\t\t\t\t\t\t<div class=\"elementor-element elementor-element-7eaf00af elementor-widget__width-initial elementor-widget elementor-widget-image\" data-id=\"7eaf00af\" data-element_type=\"widget\" data-widget_type=\"image.default\">\n\t\t\t\t\t\t\t\t\t\t\t\t\t\t\t<img fetchpriority=\"high\" decoding=\"async\" width=\"800\" height=\"270\" src=\"https:\/\/nexer.ia.br\/wp-content\/uploads\/2025\/11\/Logo-Nexer-1024x346.png\" class=\"attachment-large size-large wp-image-11\" alt=\"\" srcset=\"https:\/\/nexer.ia.br\/wp-content\/uploads\/2025\/11\/Logo-Nexer-1024x346.png 1024w, https:\/\/nexer.ia.br\/wp-content\/uploads\/2025\/11\/Logo-Nexer-300x101.png 300w, https:\/\/nexer.ia.br\/wp-content\/uploads\/2025\/11\/Logo-Nexer-768x260.png 768w, https:\/\/nexer.ia.br\/wp-content\/uploads\/2025\/11\/Logo-Nexer-1536x520.png 1536w, https:\/\/nexer.ia.br\/wp-content\/uploads\/2025\/11\/Logo-Nexer.png 1774w\" sizes=\"(max-width: 800px) 100vw, 800px\" \/>\t\t\t\t\t\t\t\t\t\t\t\t\t\t\t<\/div>\n\t\t\t\t\t<\/div>\n\t\t<\/div>\n\t\t\t\t\t<\/div>\n\t\t<\/section>\n\t\t<div class=\"elementor-element elementor-element-1fa58ab9 e-flex e-con-boxed e-con e-parent\" data-id=\"1fa58ab9\" data-element_type=\"container\">\n\t\t\t\t\t<div class=\"e-con-inner\">\n\t\t\t\t<div class=\"elementor-element elementor-element-d216a60 elementor-widget elementor-widget-text-editor\" data-id=\"d216a60\" data-element_type=\"widget\" data-widget_type=\"text-editor.default\">\n\t\t\t\t\t\t\t\t\t<p>\u00a0<\/p><p class=\"p1\">A <span class=\"s1\"><b>Nexer<\/b><\/span> respeita a privacidade e a prote\u00e7\u00e3o dos dados pessoais de seus usu\u00e1rios, clientes e parceiros. Este Termo de Privacidade descreve como coletamos, utilizamos, armazenamos e protegemos as informa\u00e7\u00f5es fornecidas por meio de nossos sites, formul\u00e1rios, plataformas e canais de contato.<\/p><p class=\"p1\">As informa\u00e7\u00f5es coletadas pela Nexer t\u00eam como finalidade principal viabilizar o contato comercial, a presta\u00e7\u00e3o de servi\u00e7os, o desenvolvimento de solu\u00e7\u00f5es em Intelig\u00eancia Artificial e a melhoria cont\u00ednua de nossas atividades. Os dados podem incluir, entre outros, nome, e-mail, telefone, empresa, cargo e informa\u00e7\u00f5es relacionadas a demandas e desafios apresentados pelo usu\u00e1rio.<\/p><p class=\"p1\">A Nexer utiliza os dados de forma respons\u00e1vel, limitada \u00e0s finalidades informadas e sempre alinhada \u00e0s boas pr\u00e1ticas de seguran\u00e7a da informa\u00e7\u00e3o. N\u00e3o comercializamos dados pessoais e n\u00e3o os compartilhamos com terceiros, exceto quando necess\u00e1rio para a execu\u00e7\u00e3o dos servi\u00e7os contratados, cumprimento de obriga\u00e7\u00f5es legais ou mediante consentimento do titular.<\/p><p class=\"p1\">Adotamos medidas t\u00e9cnicas e organizacionais adequadas para proteger os dados contra acessos n\u00e3o autorizados, perda, uso indevido ou divulga\u00e7\u00e3o indevida. Os dados s\u00e3o armazenados apenas pelo tempo necess\u00e1rio para atender \u00e0s finalidades para as quais foram coletados, respeitando a legisla\u00e7\u00e3o aplic\u00e1vel.<\/p><p class=\"p1\">O titular dos dados pode, a qualquer momento, solicitar informa\u00e7\u00f5es, corre\u00e7\u00f5es, atualiza\u00e7\u00f5es ou a exclus\u00e3o de seus dados pessoais, bem como revogar consentimentos concedidos, entrando em contato pelos canais oficiais da Nexer.<\/p><p class=\"p1\">Ao utilizar nossos servi\u00e7os ou fornecer informa\u00e7\u00f5es \u00e0 Nexer, o usu\u00e1rio declara estar ciente e de acordo com este Termo de Privacidade.<\/p><p>\u00a0<\/p><p>\u00a0<\/p>\t\t\t\t\t\t\t\t<\/div>\n\t\t\t\t\t<\/div>\n\t\t\t\t<\/div>\n\t\t\t\t<section class=\"elementor-section elementor-top-section elementor-element elementor-element-588575ea elementor-section-stretched elementor-section-boxed elementor-section-height-default elementor-section-height-default\" data-id=\"588575ea\" data-element_type=\"section\" data-settings=\"{&quot;background_background&quot;:&quot;classic&quot;,&quot;stretch_section&quot;:&quot;section-stretched&quot;}\">\n\t\t\t\t\t\t<div class=\"elementor-container elementor-column-gap-default\">\n\t\t\t\t\t<div class=\"elementor-column elementor-col-50 elementor-top-column elementor-element elementor-element-28021c78\" data-id=\"28021c78\" data-element_type=\"column\">\n\t\t\t<div class=\"elementor-widget-wrap elementor-element-populated\">\n\t\t\t\t\t\t<div class=\"elementor-element elementor-element-6d046c3a elementor-widget elementor-widget-image\" data-id=\"6d046c3a\" data-element_type=\"widget\" data-widget_type=\"image.default\">\n\t\t\t\t\t\t\t\t\t\t\t\t\t\t\t<img decoding=\"async\" width=\"1774\" height=\"600\" src=\"https:\/\/nexer.ia.br\/wp-content\/uploads\/2025\/11\/Logo-Nexer.png\" class=\"attachment-full size-full wp-image-11\" alt=\"\" srcset=\"https:\/\/nexer.ia.br\/wp-content\/uploads\/2025\/11\/Logo-Nexer.png 1774w, https:\/\/nexer.ia.br\/wp-content\/uploads\/2025\/11\/Logo-Nexer-300x101.png 300w, https:\/\/nexer.ia.br\/wp-content\/uploads\/2025\/11\/Logo-Nexer-1024x346.png 1024w, https:\/\/nexer.ia.br\/wp-content\/uploads\/2025\/11\/Logo-Nexer-768x260.png 768w, https:\/\/nexer.ia.br\/wp-content\/uploads\/2025\/11\/Logo-Nexer-1536x520.png 1536w\" sizes=\"(max-width: 1774px) 100vw, 1774px\" \/>\t\t\t\t\t\t\t\t\t\t\t\t\t\t\t<\/div>\n\t\t\t\t<div class=\"elementor-element elementor-element-5651840c elementor-widget elementor-widget-heading\" data-id=\"5651840c\" data-element_type=\"widget\" data-widget_type=\"heading.default\">\n\t\t\t\t\t<h2 class=\"elementor-heading-title elementor-size-default\"><strong>CNPJ: 27.748.486\/0001-05<\/strong><br>\nAvenida do Contorno, 2090 -\nCEP 30110-012<br>\n<\/h2>\t\t\t\t<\/div>\n\t\t\t\t<div class=\"elementor-element elementor-element-79418c20 elementor-widget elementor-widget-heading\" data-id=\"79418c20\" data-element_type=\"widget\" data-widget_type=\"heading.default\">\n\t\t\t\t\t<h2 class=\"elementor-heading-title elementor-size-default\">REDES SOCIAIS:<\/h2>\t\t\t\t<\/div>\n\t\t\t\t<div class=\"elementor-element elementor-element-4abf1434 e-grid-align-left e-grid-align-mobile-center elementor-shape-rounded elementor-grid-0 elementor-widget elementor-widget-social-icons\" data-id=\"4abf1434\" data-element_type=\"widget\" data-widget_type=\"social-icons.default\">\n\t\t\t\t\t\t\t<div class=\"elementor-social-icons-wrapper elementor-grid\" role=\"list\">\n\t\t\t\t\t\t\t<span class=\"elementor-grid-item\" role=\"listitem\">\n\t\t\t\t\t<a class=\"elementor-icon elementor-social-icon elementor-social-icon-instagram elementor-repeater-item-52774a3\" href=\"https:\/\/www.instagram.com\/nexerlabs\/\" target=\"_blank\">\n\t\t\t\t\t\t<span class=\"elementor-screen-only\">Instagram<\/span>\n\t\t\t\t\t\t<svg aria-hidden=\"true\" class=\"e-font-icon-svg e-fab-instagram\" viewBox=\"0 0 448 512\" xmlns=\"http:\/\/www.w3.org\/2000\/svg\"><path d=\"M224.1 141c-63.6 0-114.9 51.3-114.9 114.9s51.3 114.9 114.9 114.9S339 319.5 339 255.9 287.7 141 224.1 141zm0 189.6c-41.1 0-74.7-33.5-74.7-74.7s33.5-74.7 74.7-74.7 74.7 33.5 74.7 74.7-33.6 74.7-74.7 74.7zm146.4-194.3c0 14.9-12 26.8-26.8 26.8-14.9 0-26.8-12-26.8-26.8s12-26.8 26.8-26.8 26.8 12 26.8 26.8zm76.1 27.2c-1.7-35.9-9.9-67.7-36.2-93.9-26.2-26.2-58-34.4-93.9-36.2-37-2.1-147.9-2.1-184.9 0-35.8 1.7-67.6 9.9-93.9 36.1s-34.4 58-36.2 93.9c-2.1 37-2.1 147.9 0 184.9 1.7 35.9 9.9 67.7 36.2 93.9s58 34.4 93.9 36.2c37 2.1 147.9 2.1 184.9 0 35.9-1.7 67.7-9.9 93.9-36.2 26.2-26.2 34.4-58 36.2-93.9 2.1-37 2.1-147.8 0-184.8zM398.8 388c-7.8 19.6-22.9 34.7-42.6 42.6-29.5 11.7-99.5 9-132.1 9s-102.7 2.6-132.1-9c-19.6-7.8-34.7-22.9-42.6-42.6-11.7-29.5-9-99.5-9-132.1s-2.6-102.7 9-132.1c7.8-19.6 22.9-34.7 42.6-42.6 29.5-11.7 99.5-9 132.1-9s102.7-2.6 132.1 9c19.6 7.8 34.7 22.9 42.6 42.6 11.7 29.5 9 99.5 9 132.1s2.7 102.7-9 132.1z\"><\/path><\/svg>\t\t\t\t\t<\/a>\n\t\t\t\t<\/span>\n\t\t\t\t\t\t\t<span class=\"elementor-grid-item\" role=\"listitem\">\n\t\t\t\t\t<a class=\"elementor-icon elementor-social-icon elementor-social-icon-youtube elementor-repeater-item-702812d\" href=\"https:\/\/www.youtube.com\/@nexerlabs4566\" target=\"_blank\">\n\t\t\t\t\t\t<span class=\"elementor-screen-only\">Youtube<\/span>\n\t\t\t\t\t\t<svg aria-hidden=\"true\" class=\"e-font-icon-svg e-fab-youtube\" viewBox=\"0 0 576 512\" xmlns=\"http:\/\/www.w3.org\/2000\/svg\"><path d=\"M549.655 124.083c-6.281-23.65-24.787-42.276-48.284-48.597C458.781 64 288 64 288 64S117.22 64 74.629 75.486c-23.497 6.322-42.003 24.947-48.284 48.597-11.412 42.867-11.412 132.305-11.412 132.305s0 89.438 11.412 132.305c6.281 23.65 24.787 41.5 48.284 47.821C117.22 448 288 448 288 448s170.78 0 213.371-11.486c23.497-6.321 42.003-24.171 48.284-47.821 11.412-42.867 11.412-132.305 11.412-132.305s0-89.438-11.412-132.305zm-317.51 213.508V175.185l142.739 81.205-142.739 81.201z\"><\/path><\/svg>\t\t\t\t\t<\/a>\n\t\t\t\t<\/span>\n\t\t\t\t\t\t\t<span class=\"elementor-grid-item\" role=\"listitem\">\n\t\t\t\t\t<a class=\"elementor-icon elementor-social-icon elementor-social-icon-linkedin elementor-repeater-item-e9ef67b\" href=\"https:\/\/br.linkedin.com\/company\/oficinaconectada\" target=\"_blank\">\n\t\t\t\t\t\t<span class=\"elementor-screen-only\">Linkedin<\/span>\n\t\t\t\t\t\t<svg aria-hidden=\"true\" class=\"e-font-icon-svg e-fab-linkedin\" viewBox=\"0 0 448 512\" xmlns=\"http:\/\/www.w3.org\/2000\/svg\"><path d=\"M416 32H31.9C14.3 32 0 46.5 0 64.3v383.4C0 465.5 14.3 480 31.9 480H416c17.6 0 32-14.5 32-32.3V64.3c0-17.8-14.4-32.3-32-32.3zM135.4 416H69V202.2h66.5V416zm-33.2-243c-21.3 0-38.5-17.3-38.5-38.5S80.9 96 102.2 96c21.2 0 38.5 17.3 38.5 38.5 0 21.3-17.2 38.5-38.5 38.5zm282.1 243h-66.4V312c0-24.8-.5-56.7-34.5-56.7-34.6 0-39.9 27-39.9 54.9V416h-66.4V202.2h63.7v29.2h.9c8.9-16.8 30.6-34.5 62.9-34.5 67.2 0 79.7 44.3 79.7 101.9V416z\"><\/path><\/svg>\t\t\t\t\t<\/a>\n\t\t\t\t<\/span>\n\t\t\t\t\t<\/div>\n\t\t\t\t\t\t<\/div>\n\t\t\t\t\t<\/div>\n\t\t<\/div>\n\t\t\t\t<div class=\"elementor-column elementor-col-50 elementor-top-column elementor-element elementor-element-57d82502 elementor-hidden-phone\" data-id=\"57d82502\" data-element_type=\"column\">\n\t\t\t<div class=\"elementor-widget-wrap elementor-element-populated\">\n\t\t\t\t\t\t<div class=\"elementor-element elementor-element-66f0d32a elementor-widget elementor-widget-heading\" data-id=\"66f0d32a\" data-element_type=\"widget\" data-widget_type=\"heading.default\">\n\t\t\t\t\t<h6 class=\"elementor-heading-title elementor-size-default\">Outras informa\u00e7\u00f5es:<\/h6>\t\t\t\t<\/div>\n\t\t\t\t<div class=\"elementor-element elementor-element-336a91a5 elementor-icon-list--layout-traditional elementor-list-item-link-full_width elementor-widget elementor-widget-icon-list\" data-id=\"336a91a5\" data-element_type=\"widget\" data-widget_type=\"icon-list.default\">\n\t\t\t\t\t\t\t<ul class=\"elementor-icon-list-items\">\n\t\t\t\t\t\t\t<li class=\"elementor-icon-list-item\">\n\t\t\t\t\t\t\t\t\t\t\t<a href=\"https:\/\/nexer.ia.br\/?page_id=69\">\n\n\t\t\t\t\t\t\t\t\t\t\t\t<span class=\"elementor-icon-list-icon\">\n\t\t\t\t\t\t\t<svg aria-hidden=\"true\" class=\"e-font-icon-svg e-fas-angle-right\" viewBox=\"0 0 256 512\" xmlns=\"http:\/\/www.w3.org\/2000\/svg\"><path d=\"M224.3 273l-136 136c-9.4 9.4-24.6 9.4-33.9 0l-22.6-22.6c-9.4-9.4-9.4-24.6 0-33.9l96.4-96.4-96.4-96.4c-9.4-9.4-9.4-24.6 0-33.9L54.3 103c9.4-9.4 24.6-9.4 33.9 0l136 136c9.5 9.4 9.5 24.6.1 34z\"><\/path><\/svg>\t\t\t\t\t\t<\/span>\n\t\t\t\t\t\t\t\t\t\t<span class=\"elementor-icon-list-text\">Quem somos<\/span>\n\t\t\t\t\t\t\t\t\t\t\t<\/a>\n\t\t\t\t\t\t\t\t\t<\/li>\n\t\t\t\t\t\t\t\t<li class=\"elementor-icon-list-item\">\n\t\t\t\t\t\t\t\t\t\t\t<a href=\"https:\/\/nexer.ia.br\/?page_id=137\">\n\n\t\t\t\t\t\t\t\t\t\t\t\t<span class=\"elementor-icon-list-icon\">\n\t\t\t\t\t\t\t<svg aria-hidden=\"true\" class=\"e-font-icon-svg e-fas-angle-right\" viewBox=\"0 0 256 512\" xmlns=\"http:\/\/www.w3.org\/2000\/svg\"><path d=\"M224.3 273l-136 136c-9.4 9.4-24.6 9.4-33.9 0l-22.6-22.6c-9.4-9.4-9.4-24.6 0-33.9l96.4-96.4-96.4-96.4c-9.4-9.4-9.4-24.6 0-33.9L54.3 103c9.4-9.4 24.6-9.4 33.9 0l136 136c9.5 9.4 9.5 24.6.1 34z\"><\/path><\/svg>\t\t\t\t\t\t<\/span>\n\t\t\t\t\t\t\t\t\t\t<span class=\"elementor-icon-list-text\">Termos de Uso<\/span>\n\t\t\t\t\t\t\t\t\t\t\t<\/a>\n\t\t\t\t\t\t\t\t\t<\/li>\n\t\t\t\t\t\t\t\t<li class=\"elementor-icon-list-item\">\n\t\t\t\t\t\t\t\t\t\t\t<a href=\"https:\/\/nexer.ia.br\/?page_id=128\">\n\n\t\t\t\t\t\t\t\t\t\t\t\t<span class=\"elementor-icon-list-icon\">\n\t\t\t\t\t\t\t<svg aria-hidden=\"true\" class=\"e-font-icon-svg e-fas-angle-right\" viewBox=\"0 0 256 512\" xmlns=\"http:\/\/www.w3.org\/2000\/svg\"><path d=\"M224.3 273l-136 136c-9.4 9.4-24.6 9.4-33.9 0l-22.6-22.6c-9.4-9.4-9.4-24.6 0-33.9l96.4-96.4-96.4-96.4c-9.4-9.4-9.4-24.6 0-33.9L54.3 103c9.4-9.4 24.6-9.4 33.9 0l136 136c9.5 9.4 9.5 24.6.1 34z\"><\/path><\/svg>\t\t\t\t\t\t<\/span>\n\t\t\t\t\t\t\t\t\t\t<span class=\"elementor-icon-list-text\">Termos de Privacidade<\/span>\n\t\t\t\t\t\t\t\t\t\t\t<\/a>\n\t\t\t\t\t\t\t\t\t<\/li>\n\t\t\t\t\t\t<\/ul>\n\t\t\t\t\t\t<\/div>\n\t\t\t\t\t<\/div>\n\t\t<\/div>\n\t\t\t\t\t<\/div>\n\t\t<\/section>\n\t\t\t\t<\/div>\n\t\t","protected":false},"excerpt":{"rendered":"<p>Termo de Privacidade \u00a0 A Nexer respeita a privacidade e a prote\u00e7\u00e3o dos dados pessoais de seus usu\u00e1rios, clientes e parceiros. Este Termo de Privacidade descreve como coletamos, utilizamos, armazenamos e protegemos as informa\u00e7\u00f5es fornecidas por meio de nossos sites, formul\u00e1rios, plataformas e canais de contato. As informa\u00e7\u00f5es coletadas pela Nexer t\u00eam como finalidade principal [&hellip;]<\/p>\n","protected":false},"author":2,"featured_media":0,"parent":0,"menu_order":0,"comment_status":"closed","ping_status":"closed","template":"elementor_canvas","meta":{"footnotes":""},"class_list":["post-128","page","type-page","status-publish","hentry"],"yoast_head":"<!-- This site is optimized with the Yoast SEO Premium plugin v26.0 (Yoast SEO v26.7) - https:\/\/yoast.com\/wordpress\/plugins\/seo\/ -->\n<title>Termo de Privacidade\u200b - Nexer | Solu\u00e7\u00f5es de tecnologia<\/title>\n<meta name=\"robots\" content=\"index, follow, max-snippet:-1, max-image-preview:large, max-video-preview:-1\" \/>\n<link rel=\"canonical\" href=\"https:\/\/nexer.ia.br\/?page_id=128\" \/>\n<meta property=\"og:locale\" content=\"pt_BR\" \/>\n<meta property=\"og:type\" content=\"article\" \/>\n<meta property=\"og:title\" content=\"Termo de Privacidade\u200b\" \/>\n<meta property=\"og:description\" content=\"Termo de Privacidade \u00a0 A Nexer respeita a privacidade e a prote\u00e7\u00e3o dos dados pessoais de seus usu\u00e1rios, clientes e parceiros. Este Termo de Privacidade descreve como coletamos, utilizamos, armazenamos e protegemos as informa\u00e7\u00f5es fornecidas por meio de nossos sites, formul\u00e1rios, plataformas e canais de contato. As informa\u00e7\u00f5es coletadas pela Nexer t\u00eam como finalidade principal [&hellip;]\" \/>\n<meta property=\"og:url\" content=\"https:\/\/nexer.ia.br\/?page_id=128\" \/>\n<meta property=\"og:site_name\" content=\"Nexer | Solu\u00e7\u00f5es de tecnologia\" \/>\n<meta property=\"article:modified_time\" content=\"2026-01-08T01:20:56+00:00\" \/>\n<meta property=\"og:image\" content=\"https:\/\/nexer.ia.br\/wp-content\/uploads\/2025\/11\/Logo-Nexer.png\" \/>\n\t<meta property=\"og:image:width\" content=\"1774\" \/>\n\t<meta property=\"og:image:height\" content=\"600\" \/>\n\t<meta property=\"og:image:type\" content=\"image\/png\" \/>\n<meta name=\"twitter:card\" content=\"summary_large_image\" \/>\n<meta name=\"twitter:label1\" content=\"Est. tempo de leitura\" \/>\n\t<meta name=\"twitter:data1\" content=\"2 minutos\" \/>\n<script type=\"application\/ld+json\" class=\"yoast-schema-graph\">{\"@context\":\"https:\/\/schema.org\",\"@graph\":[{\"@type\":\"WebPage\",\"@id\":\"https:\/\/nexer.ia.br\/?page_id=128\",\"url\":\"https:\/\/nexer.ia.br\/?page_id=128\",\"name\":\"Termo de Privacidade\u200b - Nexer | Solu\u00e7\u00f5es de tecnologia\",\"isPartOf\":{\"@id\":\"https:\/\/nexer.ia.br\/#website\"},\"primaryImageOfPage\":{\"@id\":\"https:\/\/nexer.ia.br\/?page_id=128#primaryimage\"},\"image\":{\"@id\":\"https:\/\/nexer.ia.br\/?page_id=128#primaryimage\"},\"thumbnailUrl\":\"https:\/\/nexer.ia.br\/wp-content\/uploads\/2025\/11\/Logo-Nexer-1024x346.png\",\"datePublished\":\"2026-01-07T22:02:04+00:00\",\"dateModified\":\"2026-01-08T01:20:56+00:00\",\"breadcrumb\":{\"@id\":\"https:\/\/nexer.ia.br\/?page_id=128#breadcrumb\"},\"inLanguage\":\"pt-BR\",\"potentialAction\":[{\"@type\":\"ReadAction\",\"target\":[\"https:\/\/nexer.ia.br\/?page_id=128\"]}]},{\"@type\":\"ImageObject\",\"inLanguage\":\"pt-BR\",\"@id\":\"https:\/\/nexer.ia.br\/?page_id=128#primaryimage\",\"url\":\"https:\/\/nexer.ia.br\/wp-content\/uploads\/2025\/11\/Logo-Nexer.png\",\"contentUrl\":\"https:\/\/nexer.ia.br\/wp-content\/uploads\/2025\/11\/Logo-Nexer.png\",\"width\":1774,\"height\":600},{\"@type\":\"BreadcrumbList\",\"@id\":\"https:\/\/nexer.ia.br\/?page_id=128#breadcrumb\",\"itemListElement\":[{\"@type\":\"ListItem\",\"position\":1,\"name\":\"Home\",\"item\":\"https:\/\/nexer.ia.br\/\"},{\"@type\":\"ListItem\",\"position\":2,\"name\":\"Termo de Privacidade\u200b\"}]},{\"@type\":\"WebSite\",\"@id\":\"https:\/\/nexer.ia.br\/#website\",\"url\":\"https:\/\/nexer.ia.br\/\",\"name\":\"Nexer | Solu\u00e7\u00f5es de tecnologia\",\"description\":\"\",\"potentialAction\":[{\"@type\":\"SearchAction\",\"target\":{\"@type\":\"EntryPoint\",\"urlTemplate\":\"https:\/\/nexer.ia.br\/?s={search_term_string}\"},\"query-input\":{\"@type\":\"PropertyValueSpecification\",\"valueRequired\":true,\"valueName\":\"search_term_string\"}}],\"inLanguage\":\"pt-BR\"}]}<\/script>\n<!-- \/ Yoast SEO Premium plugin. -->","yoast_head_json":{"title":"Termo de Privacidade\u200b - Nexer | Solu\u00e7\u00f5es de tecnologia","robots":{"index":"index","follow":"follow","max-snippet":"max-snippet:-1","max-image-preview":"max-image-preview:large","max-video-preview":"max-video-preview:-1"},"canonical":"https:\/\/nexer.ia.br\/?page_id=128","og_locale":"pt_BR","og_type":"article","og_title":"Termo de Privacidade\u200b","og_description":"Termo de Privacidade \u00a0 A Nexer respeita a privacidade e a prote\u00e7\u00e3o dos dados pessoais de seus usu\u00e1rios, clientes e parceiros. Este Termo de Privacidade descreve como coletamos, utilizamos, armazenamos e protegemos as informa\u00e7\u00f5es fornecidas por meio de nossos sites, formul\u00e1rios, plataformas e canais de contato. As informa\u00e7\u00f5es coletadas pela Nexer t\u00eam como finalidade principal [&hellip;]","og_url":"https:\/\/nexer.ia.br\/?page_id=128","og_site_name":"Nexer | Solu\u00e7\u00f5es de tecnologia","article_modified_time":"2026-01-08T01:20:56+00:00","og_image":[{"width":1774,"height":600,"url":"https:\/\/nexer.ia.br\/wp-content\/uploads\/2025\/11\/Logo-Nexer.png","type":"image\/png"}],"twitter_card":"summary_large_image","twitter_misc":{"Est. tempo de leitura":"2 minutos"},"schema":{"@context":"https:\/\/schema.org","@graph":[{"@type":"WebPage","@id":"https:\/\/nexer.ia.br\/?page_id=128","url":"https:\/\/nexer.ia.br\/?page_id=128","name":"Termo de Privacidade\u200b - Nexer | Solu\u00e7\u00f5es de tecnologia","isPartOf":{"@id":"https:\/\/nexer.ia.br\/#website"},"primaryImageOfPage":{"@id":"https:\/\/nexer.ia.br\/?page_id=128#primaryimage"},"image":{"@id":"https:\/\/nexer.ia.br\/?page_id=128#primaryimage"},"thumbnailUrl":"https:\/\/nexer.ia.br\/wp-content\/uploads\/2025\/11\/Logo-Nexer-1024x346.png","datePublished":"2026-01-07T22:02:04+00:00","dateModified":"2026-01-08T01:20:56+00:00","breadcrumb":{"@id":"https:\/\/nexer.ia.br\/?page_id=128#breadcrumb"},"inLanguage":"pt-BR","potentialAction":[{"@type":"ReadAction","target":["https:\/\/nexer.ia.br\/?page_id=128"]}]},{"@type":"ImageObject","inLanguage":"pt-BR","@id":"https:\/\/nexer.ia.br\/?page_id=128#primaryimage","url":"https:\/\/nexer.ia.br\/wp-content\/uploads\/2025\/11\/Logo-Nexer.png","contentUrl":"https:\/\/nexer.ia.br\/wp-content\/uploads\/2025\/11\/Logo-Nexer.png","width":1774,"height":600},{"@type":"BreadcrumbList","@id":"https:\/\/nexer.ia.br\/?page_id=128#breadcrumb","itemListElement":[{"@type":"ListItem","position":1,"name":"Home","item":"https:\/\/nexer.ia.br\/"},{"@type":"ListItem","position":2,"name":"Termo de Privacidade\u200b"}]},{"@type":"WebSite","@id":"https:\/\/nexer.ia.br\/#website","url":"https:\/\/nexer.ia.br\/","name":"Nexer | Solu\u00e7\u00f5es de tecnologia","description":"","potentialAction":[{"@type":"SearchAction","target":{"@type":"EntryPoint","urlTemplate":"https:\/\/nexer.ia.br\/?s={search_term_string}"},"query-input":{"@type":"PropertyValueSpecification","valueRequired":true,"valueName":"search_term_string"}}],"inLanguage":"pt-BR"}]}},"_links":{"self":[{"href":"https:\/\/nexer.ia.br\/index.php?rest_route=\/wp\/v2\/pages\/128","targetHints":{"allow":["GET"]}}],"collection":[{"href":"https:\/\/nexer.ia.br\/index.php?rest_route=\/wp\/v2\/pages"}],"about":[{"href":"https:\/\/nexer.ia.br\/index.php?rest_route=\/wp\/v2\/types\/page"}],"author":[{"embeddable":true,"href":"https:\/\/nexer.ia.br\/index.php?rest_route=\/wp\/v2\/users\/2"}],"replies":[{"embeddable":true,"href":"https:\/\/nexer.ia.br\/index.php?rest_route=%2Fwp%2Fv2%2Fcomments&post=128"}],"version-history":[{"count":5,"href":"https:\/\/nexer.ia.br\/index.php?rest_route=\/wp\/v2\/pages\/128\/revisions"}],"predecessor-version":[{"id":156,"href":"https:\/\/nexer.ia.br\/index.php?rest_route=\/wp\/v2\/pages\/128\/revisions\/156"}],"wp:attachment":[{"href":"https:\/\/nexer.ia.br\/index.php?rest_route=%2Fwp%2Fv2%2Fmedia&parent=128"}],"curies":[{"name":"wp","href":"https:\/\/api.w.org\/{rel}","templated":true}]}}