{"id":69,"date":"2026-01-07T18:06:45","date_gmt":"2026-01-07T18:06:45","guid":{"rendered":"https:\/\/nexer.ia.br\/?page_id=69"},"modified":"2026-01-08T01:23:45","modified_gmt":"2026-01-08T01:23:45","slug":"quem-somos","status":"publish","type":"page","link":"https:\/\/nexer.ia.br\/?page_id=69","title":{"rendered":"Quem somos"},"content":{"rendered":"\t\t<div data-elementor-type=\"wp-post\" data-elementor-id=\"69\" class=\"elementor elementor-69\" data-elementor-post-type=\"page\">\n\t\t\t\t\t\t<section class=\"elementor-section elementor-top-section elementor-element elementor-element-33a18fef elementor-section-boxed elementor-section-height-default elementor-section-height-default\" data-id=\"33a18fef\" data-element_type=\"section\" data-settings=\"{&quot;background_background&quot;:&quot;classic&quot;}\">\n\t\t\t\t\t\t<div class=\"elementor-container elementor-column-gap-default\">\n\t\t\t\t\t<div class=\"elementor-column elementor-col-33 elementor-top-column elementor-element elementor-element-6b858173\" data-id=\"6b858173\" data-element_type=\"column\">\n\t\t\t<div class=\"elementor-widget-wrap elementor-element-populated\">\n\t\t\t\t\t\t<div class=\"elementor-element elementor-element-17a91c5d elementor-widget elementor-widget-image\" data-id=\"17a91c5d\" data-element_type=\"widget\" data-widget_type=\"image.default\">\n\t\t\t\t\t\t\t\t\t\t\t\t\t\t\t\t<a href=\"https:\/\/oficinaconectada.com.br\/site\/\">\n\t\t\t\t\t\t\t<img fetchpriority=\"high\" decoding=\"async\" width=\"800\" height=\"270\" src=\"https:\/\/nexer.ia.br\/wp-content\/uploads\/2025\/11\/Logo-Nexer-1024x346.png\" class=\"attachment-large size-large wp-image-11\" alt=\"\" srcset=\"https:\/\/nexer.ia.br\/wp-content\/uploads\/2025\/11\/Logo-Nexer-1024x346.png 1024w, https:\/\/nexer.ia.br\/wp-content\/uploads\/2025\/11\/Logo-Nexer-300x101.png 300w, https:\/\/nexer.ia.br\/wp-content\/uploads\/2025\/11\/Logo-Nexer-768x260.png 768w, https:\/\/nexer.ia.br\/wp-content\/uploads\/2025\/11\/Logo-Nexer-1536x520.png 1536w, https:\/\/nexer.ia.br\/wp-content\/uploads\/2025\/11\/Logo-Nexer.png 1774w\" sizes=\"(max-width: 800px) 100vw, 800px\" \/>\t\t\t\t\t\t\t\t<\/a>\n\t\t\t\t\t\t\t\t\t\t\t\t\t\t\t<\/div>\n\t\t\t\t\t<\/div>\n\t\t<\/div>\n\t\t\t\t<div class=\"elementor-column elementor-col-33 elementor-top-column elementor-element elementor-element-148fa4e6\" data-id=\"148fa4e6\" data-element_type=\"column\">\n\t\t\t<div class=\"elementor-widget-wrap elementor-element-populated\">\n\t\t\t\t\t\t\t<\/div>\n\t\t<\/div>\n\t\t\t\t<div class=\"elementor-column elementor-col-33 elementor-top-column elementor-element elementor-element-66754fc2 elementor-hidden-tablet elementor-hidden-mobile\" data-id=\"66754fc2\" data-element_type=\"column\">\n\t\t\t<div class=\"elementor-widget-wrap\">\n\t\t\t\t\t\t\t<\/div>\n\t\t<\/div>\n\t\t\t\t\t<\/div>\n\t\t<\/section>\n\t\t\t\t<section class=\"elementor-section elementor-top-section elementor-element elementor-element-33a8d968 elementor-section-boxed elementor-section-height-default elementor-section-height-default\" data-id=\"33a8d968\" data-element_type=\"section\" data-settings=\"{&quot;background_background&quot;:&quot;slideshow&quot;,&quot;background_slideshow_gallery&quot;:[{&quot;id&quot;:43,&quot;url&quot;:&quot;https:\\\/\\\/nexer.ia.br\\\/wp-content\\\/uploads\\\/2025\\\/11\\\/Imagem-1-Nexer.png&quot;},{&quot;id&quot;:44,&quot;url&quot;:&quot;https:\\\/\\\/nexer.ia.br\\\/wp-content\\\/uploads\\\/2025\\\/11\\\/Imagem-2-Nexer.png&quot;}],&quot;background_slideshow_transition_duration&quot;:600,&quot;background_slideshow_ken_burns&quot;:&quot;yes&quot;,&quot;background_slideshow_loop&quot;:&quot;yes&quot;,&quot;background_slideshow_slide_duration&quot;:5000,&quot;background_slideshow_slide_transition&quot;:&quot;fade&quot;,&quot;background_slideshow_ken_burns_zoom_direction&quot;:&quot;in&quot;,&quot;background_motion_fx_devices&quot;:[&quot;desktop&quot;,&quot;tablet&quot;,&quot;mobile&quot;]}\">\n\t\t\t\t\t\t\t<div class=\"elementor-background-overlay\"><\/div>\n\t\t\t\t\t\t\t<div class=\"elementor-container elementor-column-gap-default\">\n\t\t\t\t\t<div class=\"elementor-column elementor-col-50 elementor-top-column elementor-element elementor-element-250b1677\" data-id=\"250b1677\" data-element_type=\"column\" data-settings=\"{&quot;background_background&quot;:&quot;classic&quot;}\">\n\t\t\t<div class=\"elementor-widget-wrap elementor-element-populated\">\n\t\t\t\t\t\t<div class=\"elementor-element elementor-element-51d1af81 elementor-widget elementor-widget-heading\" data-id=\"51d1af81\" data-element_type=\"widget\" data-widget_type=\"heading.default\">\n\t\t\t\t\t<h1 class=\"elementor-heading-title elementor-size-default\">Quem somos<\/h1>\t\t\t\t<\/div>\n\t\t\t\t\t<\/div>\n\t\t<\/div>\n\t\t\t\t<div class=\"elementor-column elementor-col-50 elementor-top-column elementor-element elementor-element-5aba66ac\" data-id=\"5aba66ac\" data-element_type=\"column\" data-settings=\"{&quot;background_background&quot;:&quot;classic&quot;}\">\n\t\t\t<div class=\"elementor-widget-wrap elementor-element-populated\">\n\t\t\t\t\t\t<div class=\"elementor-element elementor-element-9cce517 elementor-widget__width-initial elementor-widget elementor-widget-image\" data-id=\"9cce517\" data-element_type=\"widget\" data-widget_type=\"image.default\">\n\t\t\t\t\t\t\t\t\t\t\t\t\t\t\t<img fetchpriority=\"high\" decoding=\"async\" width=\"800\" height=\"270\" src=\"https:\/\/nexer.ia.br\/wp-content\/uploads\/2025\/11\/Logo-Nexer-1024x346.png\" class=\"attachment-large size-large wp-image-11\" alt=\"\" srcset=\"https:\/\/nexer.ia.br\/wp-content\/uploads\/2025\/11\/Logo-Nexer-1024x346.png 1024w, https:\/\/nexer.ia.br\/wp-content\/uploads\/2025\/11\/Logo-Nexer-300x101.png 300w, https:\/\/nexer.ia.br\/wp-content\/uploads\/2025\/11\/Logo-Nexer-768x260.png 768w, https:\/\/nexer.ia.br\/wp-content\/uploads\/2025\/11\/Logo-Nexer-1536x520.png 1536w, https:\/\/nexer.ia.br\/wp-content\/uploads\/2025\/11\/Logo-Nexer.png 1774w\" sizes=\"(max-width: 800px) 100vw, 800px\" \/>\t\t\t\t\t\t\t\t\t\t\t\t\t\t\t<\/div>\n\t\t\t\t\t<\/div>\n\t\t<\/div>\n\t\t\t\t\t<\/div>\n\t\t<\/section>\n\t\t<div class=\"elementor-element elementor-element-e8c0e01 e-flex e-con-boxed e-con e-parent\" data-id=\"e8c0e01\" data-element_type=\"container\">\n\t\t\t\t\t<div class=\"e-con-inner\">\n\t\t\t\t<div class=\"elementor-element elementor-element-d2903b1 elementor-widget elementor-widget-text-editor\" data-id=\"d2903b1\" data-element_type=\"widget\" data-widget_type=\"text-editor.default\">\n\t\t\t\t\t\t\t\t\t<p>\u00a0<\/p><p class=\"p1\">A <span class=\"s1\"><b>Nexer<\/b><\/span> \u00e9 uma empresa de tecnologia especializada no <span class=\"s1\"><b>desenvolvimento de solu\u00e7\u00f5es em Intelig\u00eancia Artificial<\/b><\/span> aplicadas \u00e0 realidade de neg\u00f3cios. Atuamos na cria\u00e7\u00e3o, integra\u00e7\u00e3o e evolu\u00e7\u00e3o de tecnologias de IA que transformam dados, processos e decis\u00f5es em vantagem competitiva.<\/p><p class=\"p1\">Mais do que desenvolver tecnologia, a Nexer trabalha lado a lado com empresas para entender seus desafios, mapear oportunidades e construir solu\u00e7\u00f5es inteligentes sob medida. Cada projeto nasce a partir de um diagn\u00f3stico estrat\u00e9gico e \u00e9 desenhado para gerar impacto real, efici\u00eancia operacional e escala sustent\u00e1vel.<\/p><p class=\"p1\">Nossa atua\u00e7\u00e3o envolve desde automa\u00e7\u00f5es inteligentes e integra\u00e7\u00e3o de sistemas at\u00e9 modelos avan\u00e7ados de an\u00e1lise, recomenda\u00e7\u00e3o e apoio \u00e0 decis\u00e3o. Utilizamos Intelig\u00eancia Artificial como infraestrutura estrat\u00e9gica, conectando tecnologia ao contexto espec\u00edfico de cada neg\u00f3cio.<\/p><p class=\"p1\">A Nexer acredita que a IA deve ser pr\u00e1tica, aplicada e orientada a resultados. Por isso, desenvolvemos solu\u00e7\u00f5es que se adaptam aos processos existentes, evoluem com o uso e acompanham o crescimento das empresas, sempre com foco em desempenho, confiabilidade e vis\u00e3o de longo prazo.<\/p><p class=\"p1\">Somos parceiros tecnol\u00f3gicos de empresas que buscam inova\u00e7\u00e3o com prop\u00f3sito, utilizando a Intelig\u00eancia Artificial como motor de transforma\u00e7\u00e3o e crescimento.<\/p><p class=\"p1\">\u00a0<\/p>\t\t\t\t\t\t\t\t<\/div>\n\t\t\t\t\t<\/div>\n\t\t\t\t<\/div>\n\t\t\t\t<section class=\"elementor-section elementor-top-section elementor-element elementor-element-4d9036af elementor-section-stretched elementor-section-boxed elementor-section-height-default elementor-section-height-default\" data-id=\"4d9036af\" data-element_type=\"section\" data-settings=\"{&quot;background_background&quot;:&quot;classic&quot;,&quot;stretch_section&quot;:&quot;section-stretched&quot;}\">\n\t\t\t\t\t\t<div class=\"elementor-container elementor-column-gap-default\">\n\t\t\t\t\t<div class=\"elementor-column elementor-col-50 elementor-top-column elementor-element elementor-element-62d38c93\" data-id=\"62d38c93\" data-element_type=\"column\">\n\t\t\t<div class=\"elementor-widget-wrap elementor-element-populated\">\n\t\t\t\t\t\t<div class=\"elementor-element elementor-element-270c895b elementor-widget elementor-widget-image\" data-id=\"270c895b\" data-element_type=\"widget\" data-widget_type=\"image.default\">\n\t\t\t\t\t\t\t\t\t\t\t\t\t\t\t<img decoding=\"async\" width=\"1774\" height=\"600\" src=\"https:\/\/nexer.ia.br\/wp-content\/uploads\/2025\/11\/Logo-Nexer.png\" class=\"attachment-full size-full wp-image-11\" alt=\"\" srcset=\"https:\/\/nexer.ia.br\/wp-content\/uploads\/2025\/11\/Logo-Nexer.png 1774w, https:\/\/nexer.ia.br\/wp-content\/uploads\/2025\/11\/Logo-Nexer-300x101.png 300w, https:\/\/nexer.ia.br\/wp-content\/uploads\/2025\/11\/Logo-Nexer-1024x346.png 1024w, https:\/\/nexer.ia.br\/wp-content\/uploads\/2025\/11\/Logo-Nexer-768x260.png 768w, https:\/\/nexer.ia.br\/wp-content\/uploads\/2025\/11\/Logo-Nexer-1536x520.png 1536w\" sizes=\"(max-width: 1774px) 100vw, 1774px\" \/>\t\t\t\t\t\t\t\t\t\t\t\t\t\t\t<\/div>\n\t\t\t\t<div class=\"elementor-element elementor-element-15c6f15e elementor-widget elementor-widget-heading\" data-id=\"15c6f15e\" data-element_type=\"widget\" data-widget_type=\"heading.default\">\n\t\t\t\t\t<h2 class=\"elementor-heading-title elementor-size-default\"><strong>CNPJ: 27.748.486\/0001-05<\/strong><br>\nAvenida do Contorno, 2090 -\nCEP 30110-012<br>\n<\/h2>\t\t\t\t<\/div>\n\t\t\t\t<div class=\"elementor-element elementor-element-2ba116bc elementor-widget elementor-widget-heading\" data-id=\"2ba116bc\" data-element_type=\"widget\" data-widget_type=\"heading.default\">\n\t\t\t\t\t<h2 class=\"elementor-heading-title elementor-size-default\">REDES SOCIAIS:<\/h2>\t\t\t\t<\/div>\n\t\t\t\t<div class=\"elementor-element elementor-element-64c0f310 e-grid-align-left e-grid-align-mobile-center elementor-shape-rounded elementor-grid-0 elementor-widget elementor-widget-social-icons\" data-id=\"64c0f310\" data-element_type=\"widget\" data-widget_type=\"social-icons.default\">\n\t\t\t\t\t\t\t<div class=\"elementor-social-icons-wrapper elementor-grid\" role=\"list\">\n\t\t\t\t\t\t\t<span class=\"elementor-grid-item\" role=\"listitem\">\n\t\t\t\t\t<a class=\"elementor-icon elementor-social-icon elementor-social-icon-instagram elementor-repeater-item-52774a3\" href=\"https:\/\/www.instagram.com\/nexerlabs\/\" target=\"_blank\">\n\t\t\t\t\t\t<span class=\"elementor-screen-only\">Instagram<\/span>\n\t\t\t\t\t\t<svg aria-hidden=\"true\" class=\"e-font-icon-svg e-fab-instagram\" viewBox=\"0 0 448 512\" xmlns=\"http:\/\/www.w3.org\/2000\/svg\"><path d=\"M224.1 141c-63.6 0-114.9 51.3-114.9 114.9s51.3 114.9 114.9 114.9S339 319.5 339 255.9 287.7 141 224.1 141zm0 189.6c-41.1 0-74.7-33.5-74.7-74.7s33.5-74.7 74.7-74.7 74.7 33.5 74.7 74.7-33.6 74.7-74.7 74.7zm146.4-194.3c0 14.9-12 26.8-26.8 26.8-14.9 0-26.8-12-26.8-26.8s12-26.8 26.8-26.8 26.8 12 26.8 26.8zm76.1 27.2c-1.7-35.9-9.9-67.7-36.2-93.9-26.2-26.2-58-34.4-93.9-36.2-37-2.1-147.9-2.1-184.9 0-35.8 1.7-67.6 9.9-93.9 36.1s-34.4 58-36.2 93.9c-2.1 37-2.1 147.9 0 184.9 1.7 35.9 9.9 67.7 36.2 93.9s58 34.4 93.9 36.2c37 2.1 147.9 2.1 184.9 0 35.9-1.7 67.7-9.9 93.9-36.2 26.2-26.2 34.4-58 36.2-93.9 2.1-37 2.1-147.8 0-184.8zM398.8 388c-7.8 19.6-22.9 34.7-42.6 42.6-29.5 11.7-99.5 9-132.1 9s-102.7 2.6-132.1-9c-19.6-7.8-34.7-22.9-42.6-42.6-11.7-29.5-9-99.5-9-132.1s-2.6-102.7 9-132.1c7.8-19.6 22.9-34.7 42.6-42.6 29.5-11.7 99.5-9 132.1-9s102.7-2.6 132.1 9c19.6 7.8 34.7 22.9 42.6 42.6 11.7 29.5 9 99.5 9 132.1s2.7 102.7-9 132.1z\"><\/path><\/svg>\t\t\t\t\t<\/a>\n\t\t\t\t<\/span>\n\t\t\t\t\t\t\t<span class=\"elementor-grid-item\" role=\"listitem\">\n\t\t\t\t\t<a class=\"elementor-icon elementor-social-icon elementor-social-icon-youtube elementor-repeater-item-702812d\" href=\"https:\/\/www.youtube.com\/@nexerlabs4566\" target=\"_blank\">\n\t\t\t\t\t\t<span class=\"elementor-screen-only\">Youtube<\/span>\n\t\t\t\t\t\t<svg aria-hidden=\"true\" class=\"e-font-icon-svg e-fab-youtube\" viewBox=\"0 0 576 512\" xmlns=\"http:\/\/www.w3.org\/2000\/svg\"><path d=\"M549.655 124.083c-6.281-23.65-24.787-42.276-48.284-48.597C458.781 64 288 64 288 64S117.22 64 74.629 75.486c-23.497 6.322-42.003 24.947-48.284 48.597-11.412 42.867-11.412 132.305-11.412 132.305s0 89.438 11.412 132.305c6.281 23.65 24.787 41.5 48.284 47.821C117.22 448 288 448 288 448s170.78 0 213.371-11.486c23.497-6.321 42.003-24.171 48.284-47.821 11.412-42.867 11.412-132.305 11.412-132.305s0-89.438-11.412-132.305zm-317.51 213.508V175.185l142.739 81.205-142.739 81.201z\"><\/path><\/svg>\t\t\t\t\t<\/a>\n\t\t\t\t<\/span>\n\t\t\t\t\t\t\t<span class=\"elementor-grid-item\" role=\"listitem\">\n\t\t\t\t\t<a class=\"elementor-icon elementor-social-icon elementor-social-icon-linkedin elementor-repeater-item-e9ef67b\" href=\"https:\/\/br.linkedin.com\/company\/oficinaconectada\" target=\"_blank\">\n\t\t\t\t\t\t<span class=\"elementor-screen-only\">Linkedin<\/span>\n\t\t\t\t\t\t<svg aria-hidden=\"true\" class=\"e-font-icon-svg e-fab-linkedin\" viewBox=\"0 0 448 512\" xmlns=\"http:\/\/www.w3.org\/2000\/svg\"><path d=\"M416 32H31.9C14.3 32 0 46.5 0 64.3v383.4C0 465.5 14.3 480 31.9 480H416c17.6 0 32-14.5 32-32.3V64.3c0-17.8-14.4-32.3-32-32.3zM135.4 416H69V202.2h66.5V416zm-33.2-243c-21.3 0-38.5-17.3-38.5-38.5S80.9 96 102.2 96c21.2 0 38.5 17.3 38.5 38.5 0 21.3-17.2 38.5-38.5 38.5zm282.1 243h-66.4V312c0-24.8-.5-56.7-34.5-56.7-34.6 0-39.9 27-39.9 54.9V416h-66.4V202.2h63.7v29.2h.9c8.9-16.8 30.6-34.5 62.9-34.5 67.2 0 79.7 44.3 79.7 101.9V416z\"><\/path><\/svg>\t\t\t\t\t<\/a>\n\t\t\t\t<\/span>\n\t\t\t\t\t<\/div>\n\t\t\t\t\t\t<\/div>\n\t\t\t\t\t<\/div>\n\t\t<\/div>\n\t\t\t\t<div class=\"elementor-column elementor-col-50 elementor-top-column elementor-element elementor-element-4f645cd9 elementor-hidden-phone\" data-id=\"4f645cd9\" data-element_type=\"column\">\n\t\t\t<div class=\"elementor-widget-wrap elementor-element-populated\">\n\t\t\t\t\t\t<div class=\"elementor-element elementor-element-6fee8ddd elementor-widget elementor-widget-heading\" data-id=\"6fee8ddd\" data-element_type=\"widget\" data-widget_type=\"heading.default\">\n\t\t\t\t\t<h6 class=\"elementor-heading-title elementor-size-default\">Outras informa\u00e7\u00f5es:<\/h6>\t\t\t\t<\/div>\n\t\t\t\t<div class=\"elementor-element elementor-element-1568d7ab elementor-icon-list--layout-traditional elementor-list-item-link-full_width elementor-widget elementor-widget-icon-list\" data-id=\"1568d7ab\" data-element_type=\"widget\" data-widget_type=\"icon-list.default\">\n\t\t\t\t\t\t\t<ul class=\"elementor-icon-list-items\">\n\t\t\t\t\t\t\t<li class=\"elementor-icon-list-item\">\n\t\t\t\t\t\t\t\t\t\t\t<a href=\"https:\/\/nexer.ia.br\/?page_id=69\">\n\n\t\t\t\t\t\t\t\t\t\t\t\t<span class=\"elementor-icon-list-icon\">\n\t\t\t\t\t\t\t<svg aria-hidden=\"true\" class=\"e-font-icon-svg e-fas-angle-right\" viewBox=\"0 0 256 512\" xmlns=\"http:\/\/www.w3.org\/2000\/svg\"><path d=\"M224.3 273l-136 136c-9.4 9.4-24.6 9.4-33.9 0l-22.6-22.6c-9.4-9.4-9.4-24.6 0-33.9l96.4-96.4-96.4-96.4c-9.4-9.4-9.4-24.6 0-33.9L54.3 103c9.4-9.4 24.6-9.4 33.9 0l136 136c9.5 9.4 9.5 24.6.1 34z\"><\/path><\/svg>\t\t\t\t\t\t<\/span>\n\t\t\t\t\t\t\t\t\t\t<span class=\"elementor-icon-list-text\">Quem somos<\/span>\n\t\t\t\t\t\t\t\t\t\t\t<\/a>\n\t\t\t\t\t\t\t\t\t<\/li>\n\t\t\t\t\t\t\t\t<li class=\"elementor-icon-list-item\">\n\t\t\t\t\t\t\t\t\t\t\t<a href=\"https:\/\/nexer.ia.br\/?page_id=137\">\n\n\t\t\t\t\t\t\t\t\t\t\t\t<span class=\"elementor-icon-list-icon\">\n\t\t\t\t\t\t\t<svg aria-hidden=\"true\" class=\"e-font-icon-svg e-fas-angle-right\" viewBox=\"0 0 256 512\" xmlns=\"http:\/\/www.w3.org\/2000\/svg\"><path d=\"M224.3 273l-136 136c-9.4 9.4-24.6 9.4-33.9 0l-22.6-22.6c-9.4-9.4-9.4-24.6 0-33.9l96.4-96.4-96.4-96.4c-9.4-9.4-9.4-24.6 0-33.9L54.3 103c9.4-9.4 24.6-9.4 33.9 0l136 136c9.5 9.4 9.5 24.6.1 34z\"><\/path><\/svg>\t\t\t\t\t\t<\/span>\n\t\t\t\t\t\t\t\t\t\t<span class=\"elementor-icon-list-text\">Termos de Uso<\/span>\n\t\t\t\t\t\t\t\t\t\t\t<\/a>\n\t\t\t\t\t\t\t\t\t<\/li>\n\t\t\t\t\t\t\t\t<li class=\"elementor-icon-list-item\">\n\t\t\t\t\t\t\t\t\t\t\t<a href=\"https:\/\/nexer.ia.br\/?page_id=128\">\n\n\t\t\t\t\t\t\t\t\t\t\t\t<span class=\"elementor-icon-list-icon\">\n\t\t\t\t\t\t\t<svg aria-hidden=\"true\" class=\"e-font-icon-svg e-fas-angle-right\" viewBox=\"0 0 256 512\" xmlns=\"http:\/\/www.w3.org\/2000\/svg\"><path d=\"M224.3 273l-136 136c-9.4 9.4-24.6 9.4-33.9 0l-22.6-22.6c-9.4-9.4-9.4-24.6 0-33.9l96.4-96.4-96.4-96.4c-9.4-9.4-9.4-24.6 0-33.9L54.3 103c9.4-9.4 24.6-9.4 33.9 0l136 136c9.5 9.4 9.5 24.6.1 34z\"><\/path><\/svg>\t\t\t\t\t\t<\/span>\n\t\t\t\t\t\t\t\t\t\t<span class=\"elementor-icon-list-text\">Termos de Privacidade<\/span>\n\t\t\t\t\t\t\t\t\t\t\t<\/a>\n\t\t\t\t\t\t\t\t\t<\/li>\n\t\t\t\t\t\t<\/ul>\n\t\t\t\t\t\t<\/div>\n\t\t\t\t\t<\/div>\n\t\t<\/div>\n\t\t\t\t\t<\/div>\n\t\t<\/section>\n\t\t\t\t<\/div>\n\t\t","protected":false},"excerpt":{"rendered":"<p>Quem somos \u00a0 A Nexer \u00e9 uma empresa de tecnologia especializada no desenvolvimento de solu\u00e7\u00f5es em Intelig\u00eancia Artificial aplicadas \u00e0 realidade de neg\u00f3cios. Atuamos na cria\u00e7\u00e3o, integra\u00e7\u00e3o e evolu\u00e7\u00e3o de tecnologias de IA que transformam dados, processos e decis\u00f5es em vantagem competitiva. Mais do que desenvolver tecnologia, a Nexer trabalha lado a lado com empresas [&hellip;]<\/p>\n","protected":false},"author":1,"featured_media":0,"parent":0,"menu_order":0,"comment_status":"closed","ping_status":"closed","template":"elementor_canvas","meta":{"footnotes":""},"class_list":["post-69","page","type-page","status-publish","hentry"],"yoast_head":"<!-- This site is optimized with the Yoast SEO Premium plugin v26.0 (Yoast SEO v26.7) - https:\/\/yoast.com\/wordpress\/plugins\/seo\/ -->\n<title>Quem somos - Nexer | Solu\u00e7\u00f5es de tecnologia<\/title>\n<meta name=\"robots\" content=\"index, follow, max-snippet:-1, max-image-preview:large, max-video-preview:-1\" \/>\n<link rel=\"canonical\" href=\"https:\/\/nexer.ia.br\/?page_id=69\" \/>\n<meta property=\"og:locale\" content=\"pt_BR\" \/>\n<meta property=\"og:type\" content=\"article\" \/>\n<meta property=\"og:title\" content=\"Quem somos\" \/>\n<meta property=\"og:description\" content=\"Quem somos \u00a0 A Nexer \u00e9 uma empresa de tecnologia especializada no desenvolvimento de solu\u00e7\u00f5es em Intelig\u00eancia Artificial aplicadas \u00e0 realidade de neg\u00f3cios. Atuamos na cria\u00e7\u00e3o, integra\u00e7\u00e3o e evolu\u00e7\u00e3o de tecnologias de IA que transformam dados, processos e decis\u00f5es em vantagem competitiva. Mais do que desenvolver tecnologia, a Nexer trabalha lado a lado com empresas [&hellip;]\" \/>\n<meta property=\"og:url\" content=\"https:\/\/nexer.ia.br\/?page_id=69\" \/>\n<meta property=\"og:site_name\" content=\"Nexer | Solu\u00e7\u00f5es de tecnologia\" \/>\n<meta property=\"article:modified_time\" content=\"2026-01-08T01:23:45+00:00\" \/>\n<meta property=\"og:image\" content=\"https:\/\/nexer.ia.br\/wp-content\/uploads\/2025\/11\/Logo-Nexer.png\" \/>\n\t<meta property=\"og:image:width\" content=\"1774\" \/>\n\t<meta property=\"og:image:height\" content=\"600\" \/>\n\t<meta property=\"og:image:type\" content=\"image\/png\" \/>\n<meta name=\"twitter:card\" content=\"summary_large_image\" \/>\n<meta name=\"twitter:label1\" content=\"Est. tempo de leitura\" \/>\n\t<meta name=\"twitter:data1\" content=\"2 minutos\" \/>\n<script type=\"application\/ld+json\" class=\"yoast-schema-graph\">{\"@context\":\"https:\/\/schema.org\",\"@graph\":[{\"@type\":\"WebPage\",\"@id\":\"https:\/\/nexer.ia.br\/?page_id=69\",\"url\":\"https:\/\/nexer.ia.br\/?page_id=69\",\"name\":\"Quem somos - Nexer | Solu\u00e7\u00f5es de tecnologia\",\"isPartOf\":{\"@id\":\"https:\/\/nexer.ia.br\/#website\"},\"primaryImageOfPage\":{\"@id\":\"https:\/\/nexer.ia.br\/?page_id=69#primaryimage\"},\"image\":{\"@id\":\"https:\/\/nexer.ia.br\/?page_id=69#primaryimage\"},\"thumbnailUrl\":\"https:\/\/nexer.ia.br\/wp-content\/uploads\/2025\/11\/Logo-Nexer-1024x346.png\",\"datePublished\":\"2026-01-07T18:06:45+00:00\",\"dateModified\":\"2026-01-08T01:23:45+00:00\",\"breadcrumb\":{\"@id\":\"https:\/\/nexer.ia.br\/?page_id=69#breadcrumb\"},\"inLanguage\":\"pt-BR\",\"potentialAction\":[{\"@type\":\"ReadAction\",\"target\":[\"https:\/\/nexer.ia.br\/?page_id=69\"]}]},{\"@type\":\"ImageObject\",\"inLanguage\":\"pt-BR\",\"@id\":\"https:\/\/nexer.ia.br\/?page_id=69#primaryimage\",\"url\":\"https:\/\/nexer.ia.br\/wp-content\/uploads\/2025\/11\/Logo-Nexer.png\",\"contentUrl\":\"https:\/\/nexer.ia.br\/wp-content\/uploads\/2025\/11\/Logo-Nexer.png\",\"width\":1774,\"height\":600},{\"@type\":\"BreadcrumbList\",\"@id\":\"https:\/\/nexer.ia.br\/?page_id=69#breadcrumb\",\"itemListElement\":[{\"@type\":\"ListItem\",\"position\":1,\"name\":\"Home\",\"item\":\"https:\/\/nexer.ia.br\/\"},{\"@type\":\"ListItem\",\"position\":2,\"name\":\"Quem somos\"}]},{\"@type\":\"WebSite\",\"@id\":\"https:\/\/nexer.ia.br\/#website\",\"url\":\"https:\/\/nexer.ia.br\/\",\"name\":\"Nexer | Solu\u00e7\u00f5es de tecnologia\",\"description\":\"\",\"potentialAction\":[{\"@type\":\"SearchAction\",\"target\":{\"@type\":\"EntryPoint\",\"urlTemplate\":\"https:\/\/nexer.ia.br\/?s={search_term_string}\"},\"query-input\":{\"@type\":\"PropertyValueSpecification\",\"valueRequired\":true,\"valueName\":\"search_term_string\"}}],\"inLanguage\":\"pt-BR\"}]}<\/script>\n<!-- \/ Yoast SEO Premium plugin. -->","yoast_head_json":{"title":"Quem somos - Nexer | Solu\u00e7\u00f5es de tecnologia","robots":{"index":"index","follow":"follow","max-snippet":"max-snippet:-1","max-image-preview":"max-image-preview:large","max-video-preview":"max-video-preview:-1"},"canonical":"https:\/\/nexer.ia.br\/?page_id=69","og_locale":"pt_BR","og_type":"article","og_title":"Quem somos","og_description":"Quem somos \u00a0 A Nexer \u00e9 uma empresa de tecnologia especializada no desenvolvimento de solu\u00e7\u00f5es em Intelig\u00eancia Artificial aplicadas \u00e0 realidade de neg\u00f3cios. Atuamos na cria\u00e7\u00e3o, integra\u00e7\u00e3o e evolu\u00e7\u00e3o de tecnologias de IA que transformam dados, processos e decis\u00f5es em vantagem competitiva. Mais do que desenvolver tecnologia, a Nexer trabalha lado a lado com empresas [&hellip;]","og_url":"https:\/\/nexer.ia.br\/?page_id=69","og_site_name":"Nexer | Solu\u00e7\u00f5es de tecnologia","article_modified_time":"2026-01-08T01:23:45+00:00","og_image":[{"width":1774,"height":600,"url":"https:\/\/nexer.ia.br\/wp-content\/uploads\/2025\/11\/Logo-Nexer.png","type":"image\/png"}],"twitter_card":"summary_large_image","twitter_misc":{"Est. tempo de leitura":"2 minutos"},"schema":{"@context":"https:\/\/schema.org","@graph":[{"@type":"WebPage","@id":"https:\/\/nexer.ia.br\/?page_id=69","url":"https:\/\/nexer.ia.br\/?page_id=69","name":"Quem somos - Nexer | Solu\u00e7\u00f5es de tecnologia","isPartOf":{"@id":"https:\/\/nexer.ia.br\/#website"},"primaryImageOfPage":{"@id":"https:\/\/nexer.ia.br\/?page_id=69#primaryimage"},"image":{"@id":"https:\/\/nexer.ia.br\/?page_id=69#primaryimage"},"thumbnailUrl":"https:\/\/nexer.ia.br\/wp-content\/uploads\/2025\/11\/Logo-Nexer-1024x346.png","datePublished":"2026-01-07T18:06:45+00:00","dateModified":"2026-01-08T01:23:45+00:00","breadcrumb":{"@id":"https:\/\/nexer.ia.br\/?page_id=69#breadcrumb"},"inLanguage":"pt-BR","potentialAction":[{"@type":"ReadAction","target":["https:\/\/nexer.ia.br\/?page_id=69"]}]},{"@type":"ImageObject","inLanguage":"pt-BR","@id":"https:\/\/nexer.ia.br\/?page_id=69#primaryimage","url":"https:\/\/nexer.ia.br\/wp-content\/uploads\/2025\/11\/Logo-Nexer.png","contentUrl":"https:\/\/nexer.ia.br\/wp-content\/uploads\/2025\/11\/Logo-Nexer.png","width":1774,"height":600},{"@type":"BreadcrumbList","@id":"https:\/\/nexer.ia.br\/?page_id=69#breadcrumb","itemListElement":[{"@type":"ListItem","position":1,"name":"Home","item":"https:\/\/nexer.ia.br\/"},{"@type":"ListItem","position":2,"name":"Quem somos"}]},{"@type":"WebSite","@id":"https:\/\/nexer.ia.br\/#website","url":"https:\/\/nexer.ia.br\/","name":"Nexer | Solu\u00e7\u00f5es de tecnologia","description":"","potentialAction":[{"@type":"SearchAction","target":{"@type":"EntryPoint","urlTemplate":"https:\/\/nexer.ia.br\/?s={search_term_string}"},"query-input":{"@type":"PropertyValueSpecification","valueRequired":true,"valueName":"search_term_string"}}],"inLanguage":"pt-BR"}]}},"_links":{"self":[{"href":"https:\/\/nexer.ia.br\/index.php?rest_route=\/wp\/v2\/pages\/69","targetHints":{"allow":["GET"]}}],"collection":[{"href":"https:\/\/nexer.ia.br\/index.php?rest_route=\/wp\/v2\/pages"}],"about":[{"href":"https:\/\/nexer.ia.br\/index.php?rest_route=\/wp\/v2\/types\/page"}],"author":[{"embeddable":true,"href":"https:\/\/nexer.ia.br\/index.php?rest_route=\/wp\/v2\/users\/1"}],"replies":[{"embeddable":true,"href":"https:\/\/nexer.ia.br\/index.php?rest_route=%2Fwp%2Fv2%2Fcomments&post=69"}],"version-history":[{"count":5,"href":"https:\/\/nexer.ia.br\/index.php?rest_route=\/wp\/v2\/pages\/69\/revisions"}],"predecessor-version":[{"id":176,"href":"https:\/\/nexer.ia.br\/index.php?rest_route=\/wp\/v2\/pages\/69\/revisions\/176"}],"wp:attachment":[{"href":"https:\/\/nexer.ia.br\/index.php?rest_route=%2Fwp%2Fv2%2Fmedia&parent=69"}],"curies":[{"name":"wp","href":"https:\/\/api.w.org\/{rel}","templated":true}]}}